{"id":135,"date":"2020-03-28T19:18:01","date_gmt":"2020-03-28T18:18:01","guid":{"rendered":"http:\/\/yoka.at\/?page_id=135"},"modified":"2021-10-11T13:54:36","modified_gmt":"2021-10-11T11:54:36","slug":"uber-karin","status":"publish","type":"page","link":"https:\/\/yoka.at\/?page_id=135","title":{"rendered":"\u00fcber Karin"},"content":{"rendered":"\n<p>Yoga hab ich erstmals mit 20 kennengelernt, damals in Form der Transzendentalen Meditation und den dazugeh\u00f6rigen Yogaasanas.<\/p>\n\n\n\n<p>Nach Jahren der pers\u00f6nlichen Praxis wollte ich gerne meine Kenntnisse vertiefen und schlie\u00dflich auch an Andere weitergeben.<\/p>\n\n\n\n<div class=\"wp-block-image\"><figure class=\"aligncenter size-large is-resized\"><img loading=\"lazy\" decoding=\"async\" src=\"http:\/\/yoka.at\/wp-content\/uploads\/2020\/04\/MG_1551-1024x683.jpg\" alt=\"\" class=\"wp-image-180\" width=\"513\" height=\"341\" srcset=\"https:\/\/yoka.at\/wp-content\/uploads\/2020\/04\/MG_1551-1024x683.jpg 1024w, https:\/\/yoka.at\/wp-content\/uploads\/2020\/04\/MG_1551-300x200.jpg 300w, https:\/\/yoka.at\/wp-content\/uploads\/2020\/04\/MG_1551-768x512.jpg 768w, https:\/\/yoka.at\/wp-content\/uploads\/2020\/04\/MG_1551-1536x1024.jpg 1536w, https:\/\/yoka.at\/wp-content\/uploads\/2020\/04\/MG_1551-2048x1365.jpg 2048w\" sizes=\"auto, (max-width: 513px) 100vw, 513px\" \/><\/figure><\/div>\n\n\n\n<ul class=\"wp-block-list\"><li>Weiterbildung in der Yogaakademie Austria und Absolvierung der Yogalehererinnenausbildung<\/li><li>Ausbildung zur Gesundheitsyogalehrerin bei der Yogaakademie Austria <\/li><li>Ausbildung zur Pilatestrainerin <\/li><li>Ausbildung bei Dinah Rodriguez und Absolvierung der Pr\u00fcfung zur Hormonyogalehrerin<\/li><li>Absolvierung der internationalen Ausbildung der Svastha Yogatherapie bei Dr. G\u00fcnter Niessen und Dr. Ganesh Mohan<\/li><li>Diverse Fortbildungen bei A G Mohan<\/li><li>Absolvierung der Ausbildung zur Lu Jong Lehrerin nach Tulku Lobsang Rinpoche<\/li><li>Fortlaufend Fortbildungen bei Tulku Lobsang Rinpoche\u00a0in buddhistischen Meditationstechniken <\/li><\/ul>\n","protected":false},"excerpt":{"rendered":"<p>Yoga hab ich erstmals mit 20 kennengelernt, damals in Form der Transzendentalen Meditation und den dazugeh\u00f6rigen Yogaasanas. Nach Jahren der pers\u00f6nlichen Praxis wollte ich gerne meine Kenntnisse vertiefen und schlie\u00dflich auch an Andere weitergeben. Weiterbildung in der Yogaakademie Austria und Absolvierung der Yogalehererinnenausbildung Ausbildung zur Gesundheitsyogalehrerin bei der Yogaakademie Austria Ausbildung zur Pilatestrainerin Ausbildung bei<br \/><a class=\"btn btn-tislider blog-readmore\" href=\"https:\/\/yoka.at\/?page_id=135\">Read More<\/a><\/p>\n","protected":false},"author":1,"featured_media":0,"parent":0,"menu_order":0,"comment_status":"closed","ping_status":"closed","template":"","meta":{"footnotes":""},"class_list":["post-135","page","type-page","status-publish","hentry"],"_links":{"self":[{"href":"https:\/\/yoka.at\/index.php?rest_route=\/wp\/v2\/pages\/135","targetHints":{"allow":["GET"]}}],"collection":[{"href":"https:\/\/yoka.at\/index.php?rest_route=\/wp\/v2\/pages"}],"about":[{"href":"https:\/\/yoka.at\/index.php?rest_route=\/wp\/v2\/types\/page"}],"author":[{"embeddable":true,"href":"https:\/\/yoka.at\/index.php?rest_route=\/wp\/v2\/users\/1"}],"replies":[{"embeddable":true,"href":"https:\/\/yoka.at\/index.php?rest_route=%2Fwp%2Fv2%2Fcomments&post=135"}],"version-history":[{"count":7,"href":"https:\/\/yoka.at\/index.php?rest_route=\/wp\/v2\/pages\/135\/revisions"}],"predecessor-version":[{"id":251,"href":"https:\/\/yoka.at\/index.php?rest_route=\/wp\/v2\/pages\/135\/revisions\/251"}],"wp:attachment":[{"href":"https:\/\/yoka.at\/index.php?rest_route=%2Fwp%2Fv2%2Fmedia&parent=135"}],"curies":[{"name":"wp","href":"https:\/\/api.w.org\/{rel}","templated":true}]}}