{"id":74,"date":"2020-03-28T19:12:00","date_gmt":"2020-03-28T18:12:00","guid":{"rendered":"http:\/\/yoka.at\/?page_id=74"},"modified":"2020-04-14T16:29:53","modified_gmt":"2020-04-14T14:29:53","slug":"hormonyoga","status":"publish","type":"page","link":"https:\/\/yoka.at\/?page_id=74","title":{"rendered":"Hormonyoga"},"content":{"rendered":"\n<p>Hormonyoga ist eine ganzheitliche Therapie, die die Harmonie der Hormonphysiologie positiv beeinflussen kann. Wir wissen, dass die Hormonphysiologie sehr komplex ist und ihre Harmonie nicht nur von der Funktionst\u00fcchtigkeit der Eierst\u00f6cke sondern auch vieler anderer Organe und Systeme unseres K\u00f6rpers abh\u00e4ngt. <br><br>Durch Stress, psychische Probleme, falsche Ern\u00e4hrung und Lebensweise und durch den Alterungsprozess k\u00f6nnen Dysbalancen der Hormonspiegel zu Symptomen und Beschwerden von sexueller Unlust bis zu Schlafst\u00f6rungen f\u00fchren. Die Wechseljahre wie auch die Menopause haben auch vielf\u00e4ltige Auswirkungen auf den K\u00f6rper und k\u00f6nnen Beschwerden verursachen.<br><br>Jede Form von altersangepasstem Yoga kann Beschwerden sowohl physischer als auch psychischer Art verbessern und vorbeugen. Hormonyoga ist nun eine Form von Yoga, die speziell f\u00fcr die Beschwerden, die aus hormonellen Dysbalancen entstehen, kreiert wurde.<br> Nach der Erfinderin des Hormonyoga, Dina Rodriguez, sollten alle Frauen \u00fcber 38 mit Hormonyoga beginnen, da dann die Hormonspiegel von \u00d6strogen und Progesteron abzusinken beginnen. Sie hat zahlreiche Frauen \u00fcber l\u00e4ngere Zeitr\u00e4ume beobachtet und konnte durch die Kontrolle der Hormonspiegel beweisen, dass Hormonyoga wirksam ist. Hormonyoga kann dadurch auch zu Recht f\u00fcr sich behaupten ein wirksames \u201eAntiagingmittel\u201c zu sein.<br><br>Die \u00dcbungen arbeiten mit dem ganzen K\u00f6rper, wobei der Schwerpunkt auf Eierst\u00f6cken, Hypophyse und Schilddr\u00fcse liegt. Ein wichtiger Teil sind die Atemtechniken, Energielenkungstechniken und verschiedene Antistress- und Entspannungstechniken.<br><\/p>\n\n\n\n<div class=\"wp-block-image\"><figure class=\"aligncenter size-large is-resized\"><img loading=\"lazy\" decoding=\"async\" src=\"http:\/\/yoka.at\/wp-content\/uploads\/2020\/04\/Lotusbl\u00fcte_2020_novector.jpg\" alt=\"\" class=\"wp-image-149\" width=\"218\" height=\"218\" srcset=\"https:\/\/yoka.at\/wp-content\/uploads\/2020\/04\/Lotusbl\u00fcte_2020_novector.jpg 609w, https:\/\/yoka.at\/wp-content\/uploads\/2020\/04\/Lotusbl\u00fcte_2020_novector-300x300.jpg 300w, https:\/\/yoka.at\/wp-content\/uploads\/2020\/04\/Lotusbl\u00fcte_2020_novector-150x150.jpg 150w\" sizes=\"auto, (max-width: 218px) 100vw, 218px\" \/><\/figure><\/div>\n\n\n\n<p><br>Das Hineinf\u00fchlen in den K\u00f6rper, das Bewusstmachen der K\u00f6rperteile, das aktive Atmen, die Aktivierung der verschiedenen Energiezentren, die die Hormondr\u00fcsen beeinflussen und schlie\u00dflich die wohltuende Entspannung machen diese Methode so wirkungsvoll.<br><br>Da die k\u00f6rperlichen \u00dcbungen komplex sind und die Atemtechnik wie auch die Energielenkung  l\u00e4nger ge\u00fcbt werden m\u00fcssen, ist eine Kursdauer von zumindest 12 Einheiten zu empfehlen.<\/p>\n\n\n\n<p><\/p>\n","protected":false},"excerpt":{"rendered":"<p>Hormonyoga ist eine ganzheitliche Therapie, die die Harmonie der Hormonphysiologie positiv beeinflussen kann. Wir wissen, dass die Hormonphysiologie sehr komplex ist und ihre Harmonie nicht nur von der Funktionst\u00fcchtigkeit der Eierst\u00f6cke sondern auch vieler anderer Organe und Systeme unseres K\u00f6rpers abh\u00e4ngt. Durch Stress, psychische Probleme, falsche Ern\u00e4hrung und Lebensweise und durch den Alterungsprozess k\u00f6nnen Dysbalancen<br \/><a class=\"btn btn-tislider blog-readmore\" href=\"https:\/\/yoka.at\/?page_id=74\">Read More<\/a><\/p>\n","protected":false},"author":1,"featured_media":0,"parent":0,"menu_order":0,"comment_status":"closed","ping_status":"closed","template":"","meta":{"footnotes":""},"class_list":["post-74","page","type-page","status-publish","hentry"],"_links":{"self":[{"href":"https:\/\/yoka.at\/index.php?rest_route=\/wp\/v2\/pages\/74","targetHints":{"allow":["GET"]}}],"collection":[{"href":"https:\/\/yoka.at\/index.php?rest_route=\/wp\/v2\/pages"}],"about":[{"href":"https:\/\/yoka.at\/index.php?rest_route=\/wp\/v2\/types\/page"}],"author":[{"embeddable":true,"href":"https:\/\/yoka.at\/index.php?rest_route=\/wp\/v2\/users\/1"}],"replies":[{"embeddable":true,"href":"https:\/\/yoka.at\/index.php?rest_route=%2Fwp%2Fv2%2Fcomments&post=74"}],"version-history":[{"count":3,"href":"https:\/\/yoka.at\/index.php?rest_route=\/wp\/v2\/pages\/74\/revisions"}],"predecessor-version":[{"id":193,"href":"https:\/\/yoka.at\/index.php?rest_route=\/wp\/v2\/pages\/74\/revisions\/193"}],"wp:attachment":[{"href":"https:\/\/yoka.at\/index.php?rest_route=%2Fwp%2Fv2%2Fmedia&parent=74"}],"curies":[{"name":"wp","href":"https:\/\/api.w.org\/{rel}","templated":true}]}}