{"id":80,"date":"2020-03-28T19:13:00","date_gmt":"2020-03-28T18:13:00","guid":{"rendered":"http:\/\/yoka.at\/?page_id=80"},"modified":"2021-10-11T14:02:05","modified_gmt":"2021-10-11T12:02:05","slug":"yogatherapie","status":"publish","type":"page","link":"https:\/\/yoka.at\/?page_id=80","title":{"rendered":"Yogatherapie im Einzelunterricht"},"content":{"rendered":"\n<p>Bei\nschon&nbsp; bestehenden Problemen wird ein\nindividuelles \u00dcbungsprogramm bestehend aus Bewegungs\u00fcbungen, aber auch Atem-\noder Entspannungstechniken gemeinsam erstellt, das in seinem Umfang und Schwierigkeitsgrad\nauf die individuellen Bed\u00fcrfnisse&nbsp;\nabgestimmt ist.<\/p>\n\n\n\n<p>Wenn das \u00dcbungsprogramm regelm\u00e4\u00dfig durchgef\u00fchrt wird, kann nach 3 \u2013 4 Wochen bei einem Kontrolltermin \u00fcberpr\u00fcft werden, ob schon eine Verbesserung eingetreten ist und die \u00dcbungen modifiziert werden k\u00f6nnen.<\/p>\n","protected":false},"excerpt":{"rendered":"<p>Bei schon&nbsp; bestehenden Problemen wird ein individuelles \u00dcbungsprogramm bestehend aus Bewegungs\u00fcbungen, aber auch Atem- oder Entspannungstechniken gemeinsam erstellt, das in seinem Umfang und Schwierigkeitsgrad auf die individuellen Bed\u00fcrfnisse&nbsp; abgestimmt ist. Wenn das \u00dcbungsprogramm regelm\u00e4\u00dfig durchgef\u00fchrt wird, kann nach 3 \u2013 4 Wochen bei einem Kontrolltermin \u00fcberpr\u00fcft werden, ob schon eine Verbesserung eingetreten ist und die<br \/><a class=\"btn btn-tislider blog-readmore\" href=\"https:\/\/yoka.at\/?page_id=80\">Read More<\/a><\/p>\n","protected":false},"author":1,"featured_media":0,"parent":0,"menu_order":0,"comment_status":"closed","ping_status":"closed","template":"","meta":{"footnotes":""},"class_list":["post-80","page","type-page","status-publish","hentry"],"_links":{"self":[{"href":"https:\/\/yoka.at\/index.php?rest_route=\/wp\/v2\/pages\/80","targetHints":{"allow":["GET"]}}],"collection":[{"href":"https:\/\/yoka.at\/index.php?rest_route=\/wp\/v2\/pages"}],"about":[{"href":"https:\/\/yoka.at\/index.php?rest_route=\/wp\/v2\/types\/page"}],"author":[{"embeddable":true,"href":"https:\/\/yoka.at\/index.php?rest_route=\/wp\/v2\/users\/1"}],"replies":[{"embeddable":true,"href":"https:\/\/yoka.at\/index.php?rest_route=%2Fwp%2Fv2%2Fcomments&post=80"}],"version-history":[{"count":4,"href":"https:\/\/yoka.at\/index.php?rest_route=\/wp\/v2\/pages\/80\/revisions"}],"predecessor-version":[{"id":254,"href":"https:\/\/yoka.at\/index.php?rest_route=\/wp\/v2\/pages\/80\/revisions\/254"}],"wp:attachment":[{"href":"https:\/\/yoka.at\/index.php?rest_route=%2Fwp%2Fv2%2Fmedia&parent=80"}],"curies":[{"name":"wp","href":"https:\/\/api.w.org\/{rel}","templated":true}]}}